{"id":316,"date":"2025-02-27T14:09:44","date_gmt":"2025-02-27T13:09:44","guid":{"rendered":"https:\/\/knielsen-hq.org\/w\/?page_id=316"},"modified":"2025-02-27T14:09:44","modified_gmt":"2025-02-27T13:09:44","slug":"heksenogler","status":"publish","type":"page","link":"https:\/\/knielsen-hq.org\/w\/heksenogler\/","title":{"rendered":"Heksen\u00f8gler"},"content":{"rendered":"\n<p>Her er min samling af heksen\u00f8gler &#8211; sm\u00e5 pusle spil med ganske f\u00e5 brikker,som p\u00e5 grund af den rumlige opbygning og det geniale design er langt sv\u00e6rere at skille ad end man skulle tro &#8211; og samle igen!<\/p>\n\n\n\n<div class=\"is-layout-constrained wp-block-group\"><div class=\"wp-block-group__inner-container\">\n<h2>Cast Chain<\/h2>\n\n\n<div class=\"wp-block-image\">\n<figure class=\"alignright size-medium\"><img decoding=\"async\" loading=\"lazy\" width=\"285\" height=\"300\" src=\"https:\/\/knielsen-hq.org\/w\/wp-content\/uploads\/2025\/02\/20250227_110433-285x300.jpg\" alt=\"\" class=\"wp-image-325\" srcset=\"https:\/\/knielsen-hq.org\/w\/wp-content\/uploads\/2025\/02\/20250227_110433-285x300.jpg 285w, https:\/\/knielsen-hq.org\/w\/wp-content\/uploads\/2025\/02\/20250227_110433-972x1024.jpg 972w, https:\/\/knielsen-hq.org\/w\/wp-content\/uploads\/2025\/02\/20250227_110433-768x809.jpg 768w, https:\/\/knielsen-hq.org\/w\/wp-content\/uploads\/2025\/02\/20250227_110433-1457x1536.jpg 1457w, https:\/\/knielsen-hq.org\/w\/wp-content\/uploads\/2025\/02\/20250227_110433-1943x2048.jpg 1943w, https:\/\/knielsen-hq.org\/w\/wp-content\/uploads\/2025\/02\/20250227_110433-1568x1653.jpg 1568w\" sizes=\"(max-width: 285px) 100vw, 285px\" \/><\/figure><\/div>\n\n<div class=\"wp-block-image\">\n<figure class=\"alignright size-medium is-resized\"><img decoding=\"async\" loading=\"lazy\" src=\"https:\/\/knielsen-hq.org\/w\/wp-content\/uploads\/2025\/02\/20250227_110632-300x300.jpg\" alt=\"\" class=\"wp-image-326\" width=\"286\" height=\"286\" srcset=\"https:\/\/knielsen-hq.org\/w\/wp-content\/uploads\/2025\/02\/20250227_110632-300x300.jpg 300w, https:\/\/knielsen-hq.org\/w\/wp-content\/uploads\/2025\/02\/20250227_110632-1024x1024.jpg 1024w, https:\/\/knielsen-hq.org\/w\/wp-content\/uploads\/2025\/02\/20250227_110632-150x150.jpg 150w, https:\/\/knielsen-hq.org\/w\/wp-content\/uploads\/2025\/02\/20250227_110632-768x768.jpg 768w, https:\/\/knielsen-hq.org\/w\/wp-content\/uploads\/2025\/02\/20250227_110632-1536x1536.jpg 1536w, https:\/\/knielsen-hq.org\/w\/wp-content\/uploads\/2025\/02\/20250227_110632-2048x2048.jpg 2048w, https:\/\/knielsen-hq.org\/w\/wp-content\/uploads\/2025\/02\/20250227_110632-1568x1568.jpg 1568w\" sizes=\"(max-width: 286px) 100vw, 286px\" \/><\/figure><\/div>\n\n\n<p>Den her er virkelig fin. Jeg pr\u00f8vede den f\u00f8rste gang da jeg bes\u00f8gte en ven, jeg husker jeg sad oppe sent et time eller to og n\u00f8rklede med den ind til jeg fandt l\u00f8sningen, det var sjovt! &#8220;Cast chain&#8221; er rigtig fin p\u00e5 den m\u00e5de at l\u00f8sningen ikke er line\u00e6r, hvor man bare skal finde et skridt af gangen mod &#8220;udgangen&#8221;. Det er en tilfredsstillelse f\u00f8rst at regne ud hvordan l\u00f8sningen kan se ud overordnet set, og derefter finde vejen derhen.<\/p>\n\n\n\n<hr\/>\n<\/div><\/div>\n\n\n\n<div class=\"is-layout-constrained wp-block-group\"><div class=\"wp-block-group__inner-container\">\n<h2>Cast Vortex<\/h2>\n\n\n<div class=\"wp-block-image\">\n<figure class=\"alignright size-medium\"><img decoding=\"async\" loading=\"lazy\" width=\"300\" height=\"300\" src=\"https:\/\/knielsen-hq.org\/w\/wp-content\/uploads\/2025\/02\/20250227_114043-300x300.jpg\" alt=\"\" class=\"wp-image-321\" srcset=\"https:\/\/knielsen-hq.org\/w\/wp-content\/uploads\/2025\/02\/20250227_114043-300x300.jpg 300w, https:\/\/knielsen-hq.org\/w\/wp-content\/uploads\/2025\/02\/20250227_114043-1024x1024.jpg 1024w, https:\/\/knielsen-hq.org\/w\/wp-content\/uploads\/2025\/02\/20250227_114043-150x150.jpg 150w, https:\/\/knielsen-hq.org\/w\/wp-content\/uploads\/2025\/02\/20250227_114043-768x768.jpg 768w, https:\/\/knielsen-hq.org\/w\/wp-content\/uploads\/2025\/02\/20250227_114043-1536x1536.jpg 1536w, https:\/\/knielsen-hq.org\/w\/wp-content\/uploads\/2025\/02\/20250227_114043-2048x2048.jpg 2048w, https:\/\/knielsen-hq.org\/w\/wp-content\/uploads\/2025\/02\/20250227_114043-1568x1568.jpg 1568w\" sizes=\"(max-width: 300px) 100vw, 300px\" \/><\/figure><\/div>\n\n<div class=\"wp-block-image\">\n<figure class=\"alignright size-medium is-resized\"><img decoding=\"async\" loading=\"lazy\" src=\"https:\/\/knielsen-hq.org\/w\/wp-content\/uploads\/2025\/02\/20250227_114327-250x300.jpg\" alt=\"\" class=\"wp-image-322\" width=\"301\" height=\"361\" srcset=\"https:\/\/knielsen-hq.org\/w\/wp-content\/uploads\/2025\/02\/20250227_114327-250x300.jpg 250w, https:\/\/knielsen-hq.org\/w\/wp-content\/uploads\/2025\/02\/20250227_114327-852x1024.jpg 852w, https:\/\/knielsen-hq.org\/w\/wp-content\/uploads\/2025\/02\/20250227_114327-768x923.jpg 768w, https:\/\/knielsen-hq.org\/w\/wp-content\/uploads\/2025\/02\/20250227_114327-1278x1536.jpg 1278w, https:\/\/knielsen-hq.org\/w\/wp-content\/uploads\/2025\/02\/20250227_114327-1704x2048.jpg 1704w, https:\/\/knielsen-hq.org\/w\/wp-content\/uploads\/2025\/02\/20250227_114327-1568x1885.jpg 1568w\" sizes=\"(max-width: 301px) 100vw, 301px\" \/><\/figure><\/div>\n\n\n<p>Den her er ret sv\u00e6r, og selv om det er lykkedes mig at f\u00e5 den l\u00f8st ved at skille den ad, mangler jeg stadig at finde ud af hvordan den skal s\u00e6ttes sammen igen! S\u00e5 der er lidt at lege med endnu. Jeg synes at &#8220;Cast vortex&#8221; er en super fin heksen\u00f8gle, de tre dele er omhyggeligt formet med hver deres specifikke dimensioner og krummelurer. S\u00e5 kunsten for at l\u00f8se den er at \u00f8ve den rumlige forst\u00e5else og kunne r\u00e6sonere rumligt om former som ikke er simple rette vinkler og kasser.<\/p>\n\n\n\n<hr\/>\n<\/div><\/div>\n\n\n\n<div class=\"is-layout-constrained wp-block-group\"><div class=\"wp-block-group__inner-container\">\n<h2>B\u00f8jede S\u00f8m<\/h2>\n\n\n<div class=\"wp-block-image\">\n<figure class=\"alignright size-medium\"><img decoding=\"async\" loading=\"lazy\" width=\"300\" height=\"300\" src=\"https:\/\/knielsen-hq.org\/w\/wp-content\/uploads\/2025\/02\/20250227_110748-300x300.jpg\" alt=\"\" class=\"wp-image-327\" srcset=\"https:\/\/knielsen-hq.org\/w\/wp-content\/uploads\/2025\/02\/20250227_110748-300x300.jpg 300w, https:\/\/knielsen-hq.org\/w\/wp-content\/uploads\/2025\/02\/20250227_110748-1024x1024.jpg 1024w, https:\/\/knielsen-hq.org\/w\/wp-content\/uploads\/2025\/02\/20250227_110748-150x150.jpg 150w, https:\/\/knielsen-hq.org\/w\/wp-content\/uploads\/2025\/02\/20250227_110748-768x768.jpg 768w, https:\/\/knielsen-hq.org\/w\/wp-content\/uploads\/2025\/02\/20250227_110748-1536x1536.jpg 1536w, https:\/\/knielsen-hq.org\/w\/wp-content\/uploads\/2025\/02\/20250227_110748-2048x2048.jpg 2048w, https:\/\/knielsen-hq.org\/w\/wp-content\/uploads\/2025\/02\/20250227_110748-1568x1568.jpg 1568w\" sizes=\"(max-width: 300px) 100vw, 300px\" \/><\/figure><\/div>\n\n<div class=\"wp-block-image\">\n<figure class=\"alignright size-medium is-resized\"><img decoding=\"async\" loading=\"lazy\" src=\"https:\/\/knielsen-hq.org\/w\/wp-content\/uploads\/2025\/02\/20250227_113158-292x300.jpg\" alt=\"\" class=\"wp-image-349\" width=\"301\" height=\"309\" srcset=\"https:\/\/knielsen-hq.org\/w\/wp-content\/uploads\/2025\/02\/20250227_113158-292x300.jpg 292w, https:\/\/knielsen-hq.org\/w\/wp-content\/uploads\/2025\/02\/20250227_113158-998x1024.jpg 998w, https:\/\/knielsen-hq.org\/w\/wp-content\/uploads\/2025\/02\/20250227_113158-768x788.jpg 768w, https:\/\/knielsen-hq.org\/w\/wp-content\/uploads\/2025\/02\/20250227_113158-1497x1536.jpg 1497w, https:\/\/knielsen-hq.org\/w\/wp-content\/uploads\/2025\/02\/20250227_113158-1996x2048.jpg 1996w, https:\/\/knielsen-hq.org\/w\/wp-content\/uploads\/2025\/02\/20250227_113158-1568x1609.jpg 1568w\" sizes=\"(max-width: 301px) 100vw, 301px\" \/><\/figure><\/div>\n\n\n<p>Jeg holder meget af den her, som vi kan kalde &#8220;b\u00f8jede s\u00f8m&#8221; i mangel p\u00e5 et officielt navn p\u00e5 \u00e6sken. Selv om den er lidt lettere at l\u00f8se end &#8220;Cast chain&#8221; og &#8220;Cast vortex&#8221;. Det fine ved den er det minimale udtryk. Det er bare et par s\u00f8m der er b\u00f8jet et par gange, ingen udspekulerede knaster eller former &#8211; tilsyneladende. Og alligevel er den ikke s\u00e5 simpel at skille ad som det ser ud, og den har en stor tilfredsstillelse n\u00e5r man finder l\u00f8sningen.<\/p>\n\n\n\n<hr\/>\n<\/div><\/div>\n","protected":false},"excerpt":{"rendered":"<p>Her er min samling af heksen\u00f8gler &#8211; sm\u00e5 pusle spil med ganske f\u00e5 brikker,som p\u00e5 grund af den rumlige opbygning og det geniale design er langt sv\u00e6rere at skille ad end man skulle tro &#8211; og samle igen! Cast Chain Den her er virkelig fin. Jeg pr\u00f8vede den f\u00f8rste gang da jeg bes\u00f8gte en ven,&hellip; <a class=\"more-link\" href=\"https:\/\/knielsen-hq.org\/w\/heksenogler\/\">Continue reading <span class=\"screen-reader-text\">Heksen\u00f8gler<\/span><\/a><\/p>\n","protected":false},"author":1,"featured_media":0,"parent":0,"menu_order":0,"comment_status":"closed","ping_status":"closed","template":"","meta":[],"_links":{"self":[{"href":"https:\/\/knielsen-hq.org\/w\/wp-json\/wp\/v2\/pages\/316"}],"collection":[{"href":"https:\/\/knielsen-hq.org\/w\/wp-json\/wp\/v2\/pages"}],"about":[{"href":"https:\/\/knielsen-hq.org\/w\/wp-json\/wp\/v2\/types\/page"}],"author":[{"embeddable":true,"href":"https:\/\/knielsen-hq.org\/w\/wp-json\/wp\/v2\/users\/1"}],"replies":[{"embeddable":true,"href":"https:\/\/knielsen-hq.org\/w\/wp-json\/wp\/v2\/comments?post=316"}],"version-history":[{"count":23,"href":"https:\/\/knielsen-hq.org\/w\/wp-json\/wp\/v2\/pages\/316\/revisions"}],"predecessor-version":[{"id":353,"href":"https:\/\/knielsen-hq.org\/w\/wp-json\/wp\/v2\/pages\/316\/revisions\/353"}],"wp:attachment":[{"href":"https:\/\/knielsen-hq.org\/w\/wp-json\/wp\/v2\/media?parent=316"}],"curies":[{"name":"wp","href":"https:\/\/api.w.org\/{rel}","templated":true}]}}